{"id":837,"date":"2022-03-09T17:32:17","date_gmt":"2022-03-09T16:32:17","guid":{"rendered":"https:\/\/krankenhausdirektoren.at\/?page_id=837"},"modified":"2022-05-20T09:22:34","modified_gmt":"2022-05-20T07:22:34","slug":"abstractband","status":"publish","type":"page","link":"https:\/\/krankenhausdirektoren.at\/krankenhauskongress2022\/abstractband\/","title":{"rendered":"Abstractband"},"content":{"rendered":"\n<div style=\"height:2em\" aria-hidden=\"true\" class=\"wp-block-spacer\"><\/div>\n\n\n\n<h2 class=\"wp-block-heading\">Viel Vergn\u00fcgen beim Bl\u00e4ttern in unserem digitalen Abstractband &amp; digitalen Programmheft.<\/h2>\n\n\n\n<div class=\"wp-block-columns is-layout-flex wp-container-core-columns-is-layout-9d6595d7 wp-block-columns-is-layout-flex\">\n<div class=\"wp-block-column is-layout-flow wp-block-column-is-layout-flow\" style=\"flex-basis:40%\"><div class=\"_df_thumb \" id=\"df_831\"  data-title=\"abstractband\" _slug=\"831\" wpoptions=\"true\" thumb=\"https:\/\/krankenhausdirektoren.at\/wp-content\/uploads\/Plakat-600.jpg\" thumbtype=\"bg\" >Abstractband<\/div><script class=\"df-shortcode-script\" type=\"application\/javascript\">window.option_df_831 = {\"outline\":[],\"forceFit\":\"true\",\"autoEnableOutline\":\"false\",\"autoEnableThumbnail\":\"false\",\"overwritePDFOutline\":\"false\",\"direction\":\"1\",\"pageSize\":\"0\",\"source\":\"https:\\\/\\\/krankenhausdirektoren.at\\\/wp-content\\\/uploads\\\/KHD-Abstractband-final.pdf\",\"wpOptions\":\"true\"}; if(window.DFLIP && window.DFLIP.parseBooks){window.DFLIP.parseBooks();}<\/script>\n<\/div>\n\n\n\n<div class=\"wp-block-column is-layout-flow wp-block-column-is-layout-flow\" style=\"flex-basis:5%\">\n<p> <\/p>\n<\/div>\n\n\n\n<div class=\"wp-block-column is-vertically-aligned-center is-layout-flow wp-block-column-is-layout-flow\" style=\"flex-basis:55%\">\n<p>Klicken Sie bitte auf unseren Abstractband. Gerne k\u00f6nnen Sie die pdf-Version auch downloaden, um offline darin zu lesen. Nutzen Sie daf\u00fcr die Leiste unter dem ge\u00f6ffneten Buch unter Einstellungen (&nbsp;<strong>\u2026&nbsp;<\/strong>). Dort k\u00f6nnen Sie auch den Ton aus- bzw. wieder einschalten.<\/p>\n<\/div>\n<\/div>\n\n\n\n<div style=\"height:48px\" aria-hidden=\"true\" class=\"wp-block-spacer\"><\/div>\n\n\n\n<p>Falls Sie aufgrund der Spezifikationen auf Ihrem digitalen Ger\u00e4t Darstellungsprobleme haben, stellen wir Ihnen den digitalen Abstractband bzw. das digitale Programmheft auch in einer weiteren Darstellung zum <strong><a href=\"https:\/\/krankenhausdirektoren.at\/wp-content\/uploads\/KHD-Abstractband-final.pdf\" target=\"_blank\" rel=\"noreferrer noopener\">Download <\/a><\/strong>zur Verf\u00fcgung: <\/p>\n","protected":false},"excerpt":{"rendered":"<p>Viel Vergn\u00fcgen beim Bl\u00e4ttern in unserem digitalen Abstractband &amp; digitalen Programmheft. Klicken Sie bitte auf unseren Abstractband. Gerne k\u00f6nnen Sie&hellip;<\/p>\n","protected":false},"author":3,"featured_media":0,"parent":0,"menu_order":0,"comment_status":"closed","ping_status":"closed","template":"template-no-title.php","meta":{"footnotes":""},"class_list":["post-837","page","type-page","status-publish","hentry"],"_links":{"self":[{"href":"https:\/\/krankenhausdirektoren.at\/krankenhauskongress2022\/wp-json\/wp\/v2\/pages\/837","targetHints":{"allow":["GET"]}}],"collection":[{"href":"https:\/\/krankenhausdirektoren.at\/krankenhauskongress2022\/wp-json\/wp\/v2\/pages"}],"about":[{"href":"https:\/\/krankenhausdirektoren.at\/krankenhauskongress2022\/wp-json\/wp\/v2\/types\/page"}],"author":[{"embeddable":true,"href":"https:\/\/krankenhausdirektoren.at\/krankenhauskongress2022\/wp-json\/wp\/v2\/users\/3"}],"replies":[{"embeddable":true,"href":"https:\/\/krankenhausdirektoren.at\/krankenhauskongress2022\/wp-json\/wp\/v2\/comments?post=837"}],"version-history":[{"count":5,"href":"https:\/\/krankenhausdirektoren.at\/krankenhauskongress2022\/wp-json\/wp\/v2\/pages\/837\/revisions"}],"predecessor-version":[{"id":1412,"href":"https:\/\/krankenhausdirektoren.at\/krankenhauskongress2022\/wp-json\/wp\/v2\/pages\/837\/revisions\/1412"}],"wp:attachment":[{"href":"https:\/\/krankenhausdirektoren.at\/krankenhauskongress2022\/wp-json\/wp\/v2\/media?parent=837"}],"curies":[{"name":"wp","href":"https:\/\/api.w.org\/{rel}","templated":true}]}}