{"id":12,"date":"2021-04-19T14:24:28","date_gmt":"2021-04-19T12:24:28","guid":{"rendered":"https:\/\/s1web0163.peakserver.net\/krankenhauskongress\/?page_id=12"},"modified":"2023-07-09T20:46:37","modified_gmt":"2023-07-09T18:46:37","slug":"einladung","status":"publish","type":"page","link":"https:\/\/krankenhausdirektoren.at\/krankenhauskongress2022\/","title":{"rendered":"R\u00fcckblick zum 63. Kongress f\u00fcr Krankenhausmanagement"},"content":{"rendered":"<div class=\"n2_clear\"><ss3-force-full-width data-overflow-x=\"body\" data-horizontal-selector=\"body\"><div class=\"n2-section-smartslider fitvidsignore  n2_clear\" data-ssid=\"2\" tabindex=\"0\" role=\"region\" aria-label=\"Slider\"><div id=\"n2-ss-2-align\" class=\"n2-ss-align\"><div class=\"n2-padding\"><div id=\"n2-ss-2\" data-creator=\"Smart Slider 3\" data-responsive=\"fullwidth\" class=\"n2-ss-slider n2-ow n2-has-hover n2notransition  n2-ss-feature-post-bg-loader\">\n        <div class=\"n2-ss-slider-1 n2-ow\">\n            <div class=\"n2-ss-slider-2 n2-ow\">\n                <div class=\"n2-ss-slide-backgrounds n2-ow-all\"><div class=\"n2-ss-slide-background\" data-public-id=\"1\" data-mode=\"fill\"><div class=\"n2-ss-slide-background-image\" data-blur=\"0\" data-opacity=\"100\" data-x=\"52\" data-y=\"34\" data-alt=\"Es bleibt alles ANDERS. Hintergrundbild mit Maske\" data-title=\"mask\" style=\"--ss-o-pos-x:52%;--ss-o-pos-y:34%\"><picture class=\"skip-lazy\" data-skip-lazy=\"1\"><img decoding=\"async\" src=\"\/\/krankenhausdirektoren.at\/wp-content\/uploads\/hintergrund-smallsize.jpg\" alt=\"Es bleibt alles ANDERS. Hintergrundbild mit Maske\" title=\"mask\" loading=\"lazy\" class=\"skip-lazy\" data-skip-lazy=\"1\"><\/picture><\/div><div data-color=\"RGBA(255,255,255,1)\" style=\"background-color: RGBA(255,255,255,1);\" class=\"n2-ss-slide-background-color\"><\/div><\/div><\/div>                <div class=\"n2-ss-slider-3 n2-ow\">\n                    <svg xmlns=\"http:\/\/www.w3.org\/2000\/svg\" viewBox=\"0 0 1200 600\" data-related-device=\"desktopPortrait\" class=\"n2-ow n2-ss-preserve-size n2-ss-preserve-size--slider n2-ss-slide-limiter\"><\/svg><div data-first=\"1\" data-slide-duration=\"0\" data-id=\"3\" data-slide-public-id=\"1\" data-title=\"Slide\" class=\"n2-ss-slide n2-ow  n2-ss-slide-3\"><div role=\"note\" class=\"n2-ss-slide--focus\" tabindex=\"-1\">Slide<\/div><div class=\"n2-ss-layers-container n2-ss-slide-limiter n2-ow\"><div class=\"n2-ss-layer n2-ow n-uc-vtX51lIxZKcX\" data-sstype=\"slide\" data-pm=\"default\"><div class=\"n2-ss-layer n2-ow n-uc-ANf2LC0UlupU\" data-pm=\"default\" data-sstype=\"content\" data-hasbackground=\"0\"><div class=\"n2-ss-section-main-content n2-ss-layer-with-background n2-ss-layer-content n2-ow n-uc-ANf2LC0UlupU-inner\"><div class=\"n2-ss-layer n2-ow n-uc-qj5nf5UcLYzL\" data-pm=\"absolute\" data-responsiveposition=\"1\" data-desktopportraitleft=\"25\" data-tabletportraitleft=\"15\" data-desktopportraittop=\"17\" data-tabletportraittop=\"8\" data-responsivesize=\"1\" data-desktopportraitwidth=\"824\" data-tabletportraitwidth=\"754\" data-desktopportraitheight=\"auto\" data-tabletportraitheight=\"auto\" data-desktopportraitalign=\"center\" data-tabletportraitalign=\"center\" data-desktopportraitvalign=\"middle\" data-tabletportraitvalign=\"middle\" data-parentid=\"\" data-desktopportraitparentalign=\"center\" data-desktopportraitparentvalign=\"middle\" data-animv2=\"{&quot;basic&quot;:{&quot;in&quot;:{&quot;type&quot;:&quot;basic&quot;,&quot;name&quot;:&quot;Upscale&quot;,&quot;keyFrames&quot;:[{&quot;duration&quot;:2,&quot;scaleX&quot;:0,&quot;scaleY&quot;:0}]}}}\" data-sstype=\"layer\"><div class=\" n2-ss-item-image-content n2-ss-item-content n2-ow-all\"><picture class=\"skip-lazy\" data-skip-lazy=\"1\"><img loading=\"lazy\" decoding=\"async\" id=\"n2-ss-2item1\" alt=\"Es bleibt alles\" class=\"skip-lazy\" title=\"Es bleibt alles\" width=\"1974\" height=\"176\" data-skip-lazy=\"1\" src=\"\/\/krankenhausdirektoren.at\/wp-content\/uploads\/es-bleibt-alles.png\" \/><\/picture><\/div><\/div><div class=\"n2-ss-layer n2-ow n-uc-7nSrckzKGb8k\" data-pm=\"absolute\" data-responsiveposition=\"1\" data-desktopportraitleft=\"22\" data-desktopportraittop=\"136\" data-responsivesize=\"1\" data-desktopportraitwidth=\"818\" data-desktopportraitheight=\"auto\" data-desktopportraitalign=\"center\" data-desktopportraitvalign=\"middle\" data-parentid=\"\" data-desktopportraitparentalign=\"center\" data-desktopportraitparentvalign=\"middle\" data-animv2=\"{&quot;basic&quot;:{&quot;in&quot;:{&quot;type&quot;:&quot;basic&quot;,&quot;name&quot;:&quot;Upscale&quot;,&quot;keyFrames&quot;:[{&quot;duration&quot;:4,&quot;delay&quot;:2.05,&quot;rotationZ&quot;:&quot;360&quot;,&quot;scaleX&quot;:0,&quot;scaleY&quot;:0}]},&quot;out&quot;:{&quot;type&quot;:&quot;basic&quot;,&quot;name&quot;:&quot;Fade&quot;,&quot;keyFrames&quot;:[{&quot;duration&quot;:0.05,&quot;opacity&quot;:0}]}}}\" data-sstype=\"layer\"><div class=\" n2-ss-item-image-content n2-ss-item-content n2-ow-all\"><picture class=\"skip-lazy\" data-skip-lazy=\"1\"><img loading=\"lazy\" decoding=\"async\" id=\"n2-ss-2item2\" alt=\"ANDERS\" class=\"skip-lazy\" title=\"anders\" width=\"1086\" height=\"197\" data-skip-lazy=\"1\" src=\"\/\/krankenhausdirektoren.at\/wp-content\/uploads\/anders.png\" \/><\/picture><\/div><\/div><div class=\"n2-ss-layer n2-ow n-uc-ra9tBZm3vuHV\" data-pm=\"absolute\" data-responsiveposition=\"1\" data-desktopportraitleft=\"19\" data-desktopportraittop=\"136\" data-responsivesize=\"1\" data-desktopportraitwidth=\"818\" data-desktopportraitheight=\"auto\" data-desktopportraitalign=\"center\" data-desktopportraitvalign=\"middle\" data-parentid=\"\" data-desktopportraitparentalign=\"center\" data-desktopportraitparentvalign=\"middle\" data-animv2=\"{&quot;basic&quot;:{&quot;in&quot;:{&quot;type&quot;:&quot;basic&quot;,&quot;name&quot;:&quot;Downscale&quot;,&quot;keyFrames&quot;:[{&quot;duration&quot;:4,&quot;delay&quot;:5.4,&quot;opacity&quot;:0,&quot;rotationZ&quot;:&quot;360&quot;}]}}}\" data-sstype=\"layer\"><div class=\" n2-ss-item-image-content n2-ss-item-content n2-ow-all\"><picture class=\"skip-lazy\" data-skip-lazy=\"1\"><img loading=\"lazy\" decoding=\"async\" id=\"n2-ss-2item3\" alt=\"ANDERS-gespiegelter Text\" class=\"skip-lazy\" title=\"anders\" width=\"1086\" height=\"197\" data-skip-lazy=\"1\" src=\"\/\/krankenhausdirektoren.at\/wp-content\/uploads\/anders-gespiegelterText.png\" \/><\/picture><\/div><\/div><\/div><\/div><\/div><\/div><\/div>                <\/div>\n                            <\/div>\n        <\/div>\n        <\/div><ss3-loader><\/ss3-loader><\/div><\/div><div class=\"n2_clear\"><\/div><\/div><\/ss3-force-full-width><\/div>\n\n\n<div style=\"height:20px\" aria-hidden=\"true\" class=\"wp-block-spacer\"><\/div>\n\n\n\n<h2 class=\"wp-block-heading has-text-align-center\">R\u00fcckblick zum <br>63. Kongress f\u00fcr Krankenhaus\u00admanagement<br>23. &#8211; 25. Mai 2022, Messecongress Graz<\/h2>\n\n\n\n<p class=\"has-text-align-center\">unter dem Motto <strong>\u201eES BLEIBT ALLES ANDERS\u201c<\/strong>.<\/p>\n\n\n\n<p class=\"has-text-align-center has-vivid-red-color has-text-color\">Danke, dass Sie mit Ihrer Teilnahme am Gelingen des Kongresses beigetragen haben.<\/p>\n\n\n\n<div style=\"height:20px\" aria-hidden=\"true\" class=\"wp-block-spacer\"><\/div>\n\n\n\n<p class=\"has-text-align-center\">Gerne stellen wir Ihnen eine Auswahl an Beitr\u00e4gen und Fotos zur Verf\u00fcgung, damit Sie die Erinnerung an besondere Eindr\u00fccke auffrischen k\u00f6nnen.<\/p>\n\n\n<div class=\"wp-block-image\">\n<figure class=\"aligncenter size-full is-resized\"><a href=\"https:\/\/krankenhausdirektoren.at\/wp-content\/uploads\/SEM_3306-Organisationsteam-des-Kongresses-1.jpg\"><img loading=\"lazy\" decoding=\"async\" src=\"https:\/\/krankenhausdirektoren.at\/wp-content\/uploads\/SEM_3306-Organisationsteam-des-Kongresses-1.jpg\" alt=\"\" class=\"wp-image-3792\" width=\"512\" height=\"333\"\/><\/a><figcaption class=\"wp-element-caption\">Das Organisationsteam des Kongresses<\/figcaption><\/figure>\n<\/div>\n\n\n<p class=\"has-text-align-center\">Betrachten Sie die Bilder von den spannenden Vortr\u00e4gen unserer Referenten, von der ausgezeichneten Fachausstellung und vom intensiven Erfahrungsaustausch unserer Teilnehmerinnen und Teilnehmer am Kongress.<\/p>\n\n\n\n<p class=\"has-text-align-center\"><a href=\"https:\/\/krankenhausdirektoren.at\/bildergalerie-montag\/\"><strong>Montag<\/strong><\/a><\/p>\n\n\n\n<p class=\"has-text-align-center\"><a href=\"https:\/\/krankenhausdirektoren.at\/bildergalerie-dienstag\/\"><strong>Dienstag<\/strong><\/a><\/p>\n\n\n\n<p class=\"has-text-align-center\"><strong><a href=\"https:\/\/krankenhausdirektoren.at\/bildergalerie-mittwoch\/\">Mittwoch<\/a><\/strong><\/p>\n\n\n\n<div class=\"wp-block-columns is-layout-flex wp-container-core-columns-is-layout-9d6595d7 wp-block-columns-is-layout-flex\">\n<div class=\"wp-block-column is-layout-flow wp-block-column-is-layout-flow\">\n<h2 class=\"wp-block-heading alignwide\" id=\"veranstalter\">Veranstalter<\/h2>\n\n\n\n<p>Vereinigung der Krankenhausdirektoren Steiermarks <\/p>\n\n\n\n<p>Krankenhausplatz 1<br>8230 Hartberg<br>Tel.: +43 3332 605-2000<\/p>\n\n\n\n<p>Email: <br><a href=\"mailto:krankenhauskongress@krankenhausdirektoren.at\" data-type=\"mailto\" data-id=\"mailto:krankenhauskongress@krankenhausdirektoren.at\">krankenhauskongress@kranken\u00adhausdirektoren.at<\/a><\/p>\n\n\n\n<p>Internet: <br><a href=\"https:\/\/krankenhausdirektoren.at\">www.krankenhausdirektoren.at<\/a><\/p>\n\n\n<div class=\"wp-block-image\">\n<figure class=\"aligncenter size-large is-resized\"><img loading=\"lazy\" decoding=\"async\" src=\"https:\/\/krankenhausdirektoren.at\/wp-content\/uploads\/icon.png\" alt=\"Icon Krankenhauskongress\" class=\"wp-image-37\" width=\"128\" height=\"128\" srcset=\"https:\/\/krankenhausdirektoren.at\/wp-content\/uploads\/icon.png 512w, https:\/\/krankenhausdirektoren.at\/wp-content\/uploads\/icon-300x300.png 300w, https:\/\/krankenhausdirektoren.at\/wp-content\/uploads\/icon-150x150.png 150w\" sizes=\"auto, (max-width: 128px) 100vw, 128px\" \/><\/figure>\n<\/div><\/div>\n\n\n\n<div class=\"wp-block-column is-layout-flow wp-block-column-is-layout-flow\">\n<figure class=\"wp-block-image size-large\"><img loading=\"lazy\" decoding=\"async\" width=\"600\" height=\"850\" src=\"https:\/\/krankenhausdirektoren.at\/wp-content\/uploads\/Plakat-600.jpg\" alt=\"63. Kongress f\u00fcr Krankenhausmanagement\" class=\"wp-image-56\" srcset=\"https:\/\/krankenhausdirektoren.at\/wp-content\/uploads\/Plakat-600.jpg 600w, https:\/\/krankenhausdirektoren.at\/wp-content\/uploads\/Plakat-600-212x300.jpg 212w\" sizes=\"auto, (max-width: 600px) 100vw, 600px\" \/><figcaption class=\"wp-element-caption\">63. Kongress f\u00fcr Krankenhausmanagement<\/figcaption><\/figure>\n<\/div>\n\n\n\n<div class=\"wp-block-column is-layout-flow wp-block-column-is-layout-flow\">\n<h2 class=\"wp-block-heading\" id=\"veranstaltungsort\">Veranstaltungsort<\/h2>\n\n\n\n<p>Messecongress Graz<br>Messehalle A<br>Messeplatz 1<br>8010 Graz<\/p>\n<\/div>\n<\/div>\n","protected":false},"excerpt":{"rendered":"<p>R\u00fcckblick zum 63. Kongress f\u00fcr Krankenhaus\u00admanagement23. &#8211; 25. Mai 2022, Messecongress Graz unter dem Motto \u201eES BLEIBT ALLES ANDERS\u201c. Danke,&hellip;<\/p>\n","protected":false},"author":3,"featured_media":0,"parent":0,"menu_order":0,"comment_status":"closed","ping_status":"closed","template":"","meta":{"footnotes":""},"class_list":["post-12","page","type-page","status-publish","hentry"],"_links":{"self":[{"href":"https:\/\/krankenhausdirektoren.at\/krankenhauskongress2022\/wp-json\/wp\/v2\/pages\/12","targetHints":{"allow":["GET"]}}],"collection":[{"href":"https:\/\/krankenhausdirektoren.at\/krankenhauskongress2022\/wp-json\/wp\/v2\/pages"}],"about":[{"href":"https:\/\/krankenhausdirektoren.at\/krankenhauskongress2022\/wp-json\/wp\/v2\/types\/page"}],"author":[{"embeddable":true,"href":"https:\/\/krankenhausdirektoren.at\/krankenhauskongress2022\/wp-json\/wp\/v2\/users\/3"}],"replies":[{"embeddable":true,"href":"https:\/\/krankenhausdirektoren.at\/krankenhauskongress2022\/wp-json\/wp\/v2\/comments?post=12"}],"version-history":[{"count":5,"href":"https:\/\/krankenhausdirektoren.at\/krankenhauskongress2022\/wp-json\/wp\/v2\/pages\/12\/revisions"}],"predecessor-version":[{"id":3841,"href":"https:\/\/krankenhausdirektoren.at\/krankenhauskongress2022\/wp-json\/wp\/v2\/pages\/12\/revisions\/3841"}],"wp:attachment":[{"href":"https:\/\/krankenhausdirektoren.at\/krankenhauskongress2022\/wp-json\/wp\/v2\/media?parent=12"}],"curies":[{"name":"wp","href":"https:\/\/api.w.org\/{rel}","templated":true}]}}